{"id":218,"date":"2025-06-25T10:38:34","date_gmt":"2025-06-25T10:38:34","guid":{"rendered":"https:\/\/medcoldstore.it\/?page_id=218"},"modified":"2025-07-17T16:01:42","modified_gmt":"2025-07-17T16:01:42","slug":"spedizioni","status":"publish","type":"page","link":"https:\/\/medcoldstore.it\/index.php\/spedizioni\/","title":{"rendered":"Spedizioni"},"content":{"rendered":"<div data-colibri-id=\"218-c1\" class=\"style-308 style-local-218-c1 position-relative\">\n  <!---->\n  <div data-colibri-component=\"section\" data-colibri-id=\"218-c2\" id=\"custom-4\" class=\"h-section h-section-global-spacing d-flex align-items-lg-end align-items-md-end align-items-end style-460 style-local-218-c2 position-relative\">\n    <!---->\n    <!---->\n    <div class=\"h-section-grid-container h-section-boxed-container\">\n      <!---->\n      <div data-colibri-id=\"218-c3\" class=\"h-row-container gutters-row-lg-2 gutters-row-md-2 gutters-row-0 gutters-row-v-lg-2 gutters-row-v-md-2 gutters-row-v-2 style-461 style-local-218-c3 position-relative\">\n        <!---->\n        <div class=\"h-row justify-content-lg-center justify-content-md-center justify-content-center align-items-lg-stretch align-items-md-stretch align-items-stretch gutters-col-lg-2 gutters-col-md-2 gutters-col-0 gutters-col-v-lg-2 gutters-col-v-md-2 gutters-col-v-2\">\n          <!---->\n          <div class=\"h-column h-column-container d-flex h-col-lg-auto h-col-md-auto h-col-auto style-462-outer style-local-218-c4-outer\">\n            <div data-colibri-id=\"218-c4\" class=\"d-flex h-flex-basis h-column__inner h-px-lg-2 h-px-md-2 h-px-2 v-inner-lg-2 v-inner-md-2 v-inner-2 style-462 style-local-218-c4 position-relative\">\n              <!---->\n              <!---->\n              <div class=\"w-100 h-y-container h-column__content h-column__v-align flex-basis-100 align-self-lg-start align-self-md-start align-self-start\">\n                <!---->\n                <div data-colibri-id=\"218-c5\" class=\"h-global-transition-all h-heading style-475 style-local-218-c5 position-relative h-element\">\n                  <!---->\n                  <div class=\"h-heading__outer style-475 style-local-218-c5\">\n                    <!---->\n                    <!---->\n                    <h1 class=\"\">Spedizioni<\/h1>\n                  <\/div>\n                <\/div>\n              <\/div>\n            <\/div>\n          <\/div>\n        <\/div>\n      <\/div>\n    <\/div>\n  <\/div>\n  <div data-colibri-component=\"section\" data-colibri-id=\"218-c10\" id=\"custom-3\" class=\"h-section h-section-global-spacing d-flex align-items-lg-center align-items-md-center align-items-center style-465 style-local-218-c10 position-relative\">\n    <!---->\n    <div class=\"h-separator\" style=\"height: 40px; top: calc(0px);\">\n      <svg style=\"fill:rgb(20, 80, 146);\" xmlns=\"http:\/\/www.w3.org\/2000\/svg\" viewBox=\"0 0 1000 20\" preserveAspectRatio=\"none\">\n        <path class=\"svg-white-bg\" d=\"M0,0v3c0,0,393.8,0,483.4,0c9.2,0,16.6,7.4,16.6,16.6c0-9.1,7.4-16.6,16.6-16.6C606.2,3,1000,3,1000,3V0H0z\"><\/path>\n      <\/svg>\n    <\/div>\n    <div class=\"h-section-grid-container h-section-boxed-container\">\n      <!---->\n      <div data-colibri-id=\"218-c11\" class=\"h-row-container gutters-row-lg-2 gutters-row-md-2 gutters-row-0 gutters-row-v-lg-2 gutters-row-v-md-2 gutters-row-v-2 style-466 style-local-218-c11 position-relative\">\n        <!---->\n        <div class=\"h-row justify-content-lg-center justify-content-md-center justify-content-center align-items-lg-stretch align-items-md-stretch align-items-stretch gutters-col-lg-2 gutters-col-md-2 gutters-col-0 gutters-col-v-lg-2 gutters-col-v-md-2 gutters-col-v-2\">\n          <!---->\n          <div class=\"h-column h-column-container d-flex h-col-lg-auto h-col-md-auto h-col-auto style-467-outer style-local-218-c12-outer\">\n            <div data-colibri-id=\"218-c12\" class=\"d-flex h-flex-basis h-column__inner h-px-lg-2 h-px-md-2 h-px-2 v-inner-lg-2 v-inner-md-2 v-inner-2 style-467 style-local-218-c12 position-relative\">\n              <!---->\n              <!---->\n              <div class=\"w-100 h-y-container h-column__content h-column__v-align flex-basis-100 align-self-lg-start align-self-md-start align-self-start\">\n                <!---->\n                <div data-colibri-id=\"218-c13\" class=\"d-block style-447 style-local-218-c13 position-relative h-element\">\n                  <!---->\n                  <div class=\"h-image__frame-container-outer\">\n                    <div class=\"h-image__frame-container\">\n                      <!---->\n                      <!---->\n                      <img loading=\"lazy\" decoding=\"async\" width=\"735\" height=\"735\" src=\"https:\/\/medcoldstore.it\/wp-content\/uploads\/2025\/04\/cropped-cropped-cropped-cropped-1372.jpg\" class=\"wp-image-404 style-447-image style-local-218-c13-image\" alt=\"\" srcset=\"https:\/\/medcoldstore.it\/wp-content\/uploads\/2025\/04\/cropped-cropped-cropped-cropped-1372.jpg 735w, https:\/\/medcoldstore.it\/wp-content\/uploads\/2025\/04\/cropped-cropped-cropped-cropped-1372-300x300.jpg 300w, https:\/\/medcoldstore.it\/wp-content\/uploads\/2025\/04\/cropped-cropped-cropped-cropped-1372-150x150.jpg 150w\" sizes=\"auto, (max-width: 735px) 100vw, 735px\" \/>\n                      <div class=\"h-image__frame h-hide-lg h-hide-md h-hide-sm style-447-frameImage style-local-218-c13-frameImage\"><\/div>\n                    <\/div>\n                  <\/div>\n                <\/div>\n              <\/div>\n            <\/div>\n          <\/div>\n          <div class=\"h-column h-column-container d-flex h-col-lg-auto h-col-md-auto h-col-auto style-468-outer style-local-218-c14-outer\">\n            <div data-colibri-id=\"218-c14\" class=\"d-flex h-flex-basis h-column__inner h-px-lg-2 h-px-md-2 h-px-2 v-inner-lg-2 v-inner-md-2 v-inner-2 style-468 style-local-218-c14 position-relative\">\n              <!---->\n              <!---->\n              <div class=\"w-100 h-y-container h-column__content h-column__v-align flex-basis-100 align-self-lg-start align-self-md-start align-self-start\">\n                <!---->\n                <div data-colibri-id=\"218-c15\" class=\"h-global-transition-all h-heading style-448 style-local-218-c15 position-relative h-element\">\n                  <!---->\n                  <div class=\"h-heading__outer style-448 style-local-218-c15\">\n                    <!---->\n                    <!---->\n                    <h3 class=\"\">Trasporto Marittimo<\/h3>\n                  <\/div>\n                <\/div>\n                <div data-colibri-id=\"218-c16\" class=\"h-text h-text-component style-452 style-local-218-c16 position-relative h-element\">\n                  <!---->\n                  <!---->\n                  <div class=\"\">\n                    <p>Siamo specializzati nelle spedizioni marittime internazionali, sia per carichi FCL (Full Container Load) che LCL (Less Container Load). Offriamo servizi door to door e intermodali grazie a solidi accordi con i principali vettori marittimi.\n                      Particolarmente forti nei trasporti a carico parziale, garantiamo partenze plurisettimanali da e per i principali porti del mondo, supportati da una rete affidabile di collaboratori italiani ed esteri. Offriamo anche servizi di <strong>cross booking<\/strong>                      per spedizioni triangolari estero su estero, rispondendo in modo efficace alle dinamiche del commercio internazionale. Per una maggiore flessibilit\u00e0, \u00e8 possibile combinare il trasporto marittimo con quello aereo, ottimizzando tempi\n                      e costi in base alle esigenze specifiche della clientela.<\/p>\n                  <\/div>\n                <\/div>\n              <\/div>\n            <\/div>\n          <\/div>\n        <\/div>\n      <\/div>\n    <\/div>\n  <\/div>\n  <div data-colibri-component=\"section\" data-colibri-id=\"218-c17\" id=\"custom-2\" class=\"h-section h-section-global-spacing d-flex align-items-lg-center align-items-md-center align-items-center style-439 style-local-218-c17 position-relative\">\n    <!---->\n    <div class=\"h-separator\" style=\"height: 40px; top: calc(0px);\">\n      <svg style=\"fill:rgb(20, 80, 146);\" xmlns=\"http:\/\/www.w3.org\/2000\/svg\" viewBox=\"0 0 1000 20\" preserveAspectRatio=\"none\">\n        <path class=\"svg-white-bg\" d=\"M0,0v3c0,0,393.8,0,483.4,0c9.2,0,16.6,7.4,16.6,16.6c0-9.1,7.4-16.6,16.6-16.6C606.2,3,1000,3,1000,3V0H0z\"><\/path>\n      <\/svg>\n    <\/div>\n    <div class=\"h-section-grid-container h-section-boxed-container\">\n      <!---->\n      <div data-colibri-id=\"218-c18\" class=\"h-row-container gutters-row-lg-2 gutters-row-md-2 gutters-row-0 gutters-row-v-lg-2 gutters-row-v-md-2 gutters-row-v-2 style-440 style-local-218-c18 position-relative\">\n        <!---->\n        <div class=\"h-row justify-content-lg-center justify-content-md-center justify-content-center align-items-lg-stretch align-items-md-stretch align-items-stretch gutters-col-lg-2 gutters-col-md-2 gutters-col-0 gutters-col-v-lg-2 gutters-col-v-md-2 gutters-col-v-2\">\n          <!---->\n          <div class=\"h-column h-column-container d-flex h-col-lg-auto h-col-md-auto h-col-auto style-441-outer style-local-218-c19-outer\">\n            <div data-colibri-id=\"218-c19\" class=\"d-flex h-flex-basis h-column__inner h-px-lg-2 h-px-md-2 h-px-2 v-inner-lg-2 v-inner-md-2 v-inner-2 style-441 style-local-218-c19 position-relative\">\n              <!---->\n              <!---->\n              <div class=\"w-100 h-y-container h-column__content h-column__v-align flex-basis-100 align-self-lg-start align-self-md-start align-self-start\">\n                <!---->\n                <div data-colibri-id=\"218-c20\" class=\"h-global-transition-all h-heading style-453 style-local-218-c20 position-relative h-element\">\n                  <!---->\n                  <div class=\"h-heading__outer style-453 style-local-218-c20\">\n                    <!---->\n                    <!---->\n                    <h3 class=\"\">Trasporto Aereo<\/h3>\n                  <\/div>\n                <\/div>\n                <div data-colibri-id=\"218-c21\" class=\"h-text h-text-component style-454 style-local-218-c21 position-relative h-element\">\n                  <!---->\n                  <!---->\n                  <div class=\"\">\n                    <p>Organizziamo spedizioni aeree dirette e consolidate verso tutte le aree geografiche, gestendo ogni tipo di merce. Grazie a una selezione accurata dei vettori e a collaborazioni con le migliori compagnie aeree, garantiamo:\n                      <br>\n                    <\/p>\n                    <ul>\n                      <li><span style=\"font-weight: 400; font-size: 16px; font-family: &quot;Open Sans&quot;; color: rgb(102, 102, 102);\">Voli regolari verso i principali mercati<\/span>\n                        <br>Spazio aereo dedicato<\/li>\n                      <li>Tempi di transito ottimizzati<\/li>\n                      <li>Monitoraggio costante delle spedizioni<\/li>\n                      <li>Servizi di consolidamento regolari\n                        <br>Un servizio pensato per chi ha bisogno di rapidit\u00e0, affidabilit\u00e0 e tracciabilit\u00e0 su scala globale.<\/li>\n                    <\/ul>\n                    <p>\n                      <br>\n                    <\/p>\n                  <\/div>\n                <\/div>\n              <\/div>\n            <\/div>\n          <\/div>\n          <div class=\"h-column h-column-container d-flex h-col-lg-auto h-col-md-auto h-col-auto style-442-outer style-local-218-c22-outer\">\n            <div data-colibri-id=\"218-c22\" class=\"d-flex h-flex-basis h-column__inner h-px-lg-2 h-px-md-2 h-px-2 v-inner-lg-2 v-inner-md-2 v-inner-2 style-442 style-local-218-c22 position-relative\">\n              <!---->\n              <!---->\n              <div class=\"w-100 h-y-container h-column__content h-column__v-align flex-basis-100 align-self-lg-start align-self-md-start align-self-start\">\n                <!---->\n                <div data-colibri-id=\"218-c23\" class=\"d-block style-455 style-local-218-c23 position-relative h-element\">\n                  <!---->\n                  <div class=\"h-image__frame-container-outer\">\n                    <div class=\"h-image__frame-container\">\n                      <!---->\n                      <!---->\n                      <img loading=\"lazy\" decoding=\"async\" width=\"844\" height=\"821\" src=\"https:\/\/medcoldstore.it\/wp-content\/uploads\/2025\/04\/cropped-cropped-cropped-cropped-low-angle-shot-airplane-descending-from-clouded-sky.jpg\" class=\"wp-image-405 style-455-image style-local-218-c23-image\" alt=\"\" srcset=\"https:\/\/medcoldstore.it\/wp-content\/uploads\/2025\/04\/cropped-cropped-cropped-cropped-low-angle-shot-airplane-descending-from-clouded-sky.jpg 844w, https:\/\/medcoldstore.it\/wp-content\/uploads\/2025\/04\/cropped-cropped-cropped-cropped-low-angle-shot-airplane-descending-from-clouded-sky-300x292.jpg 300w, https:\/\/medcoldstore.it\/wp-content\/uploads\/2025\/04\/cropped-cropped-cropped-cropped-low-angle-shot-airplane-descending-from-clouded-sky-768x747.jpg 768w\" sizes=\"auto, (max-width: 844px) 100vw, 844px\" \/>\n                      <div class=\"h-image__frame h-hide-lg h-hide-md h-hide-sm style-455-frameImage style-local-218-c23-frameImage\"><\/div>\n                    <\/div>\n                  <\/div>\n                <\/div>\n              <\/div>\n            <\/div>\n          <\/div>\n        <\/div>\n      <\/div>\n    <\/div>\n  <\/div>\n  <div data-colibri-component=\"section\" data-colibri-id=\"218-c24\" id=\"custom\" class=\"h-section h-section-global-spacing d-flex align-items-lg-center align-items-md-center align-items-center style-353 style-local-218-c24 position-relative\">\n    <!---->\n    <div class=\"h-separator\" style=\"height: 40px; top: calc(0px);\">\n      <svg style=\"fill:rgb(20, 80, 146);\" xmlns=\"http:\/\/www.w3.org\/2000\/svg\" viewBox=\"0 0 1000 20\" preserveAspectRatio=\"none\">\n        <path class=\"svg-white-bg\" d=\"M0,0v3c0,0,393.8,0,483.4,0c9.2,0,16.6,7.4,16.6,16.6c0-9.1,7.4-16.6,16.6-16.6C606.2,3,1000,3,1000,3V0H0z\"><\/path>\n      <\/svg>\n    <\/div>\n    <div class=\"h-separator\" style=\"height: 40px; bottom: calc(0px);\">\n      <svg style=\"fill:rgb(20, 80, 146);transform:rotateX(180deg);\" xmlns=\"http:\/\/www.w3.org\/2000\/svg\" viewBox=\"0 0 1000 100\" preserveAspectRatio=\"none\">\n        <path class=\"svg-white-bg\" d=\"M194,99c186.7,0.7,305-78.3,306-97.2c1,18.9,119.3,97.9,306,97.2c114.3-0.3,194,0.3,194,0.3s0-91.7,0-100c0,0,0,0,0-0 L0,0v99.3C0,99.3,79.7,98.7,194,99z\"><\/path>\n      <\/svg>\n    <\/div>\n    <div class=\"h-section-grid-container h-section-boxed-container\">\n      <!---->\n      <div data-colibri-id=\"218-c25\" class=\"h-row-container gutters-row-lg-2 gutters-row-md-2 gutters-row-0 gutters-row-v-lg-2 gutters-row-v-md-2 gutters-row-v-2 style-354 style-local-218-c25 position-relative\">\n        <!---->\n        <div class=\"h-row justify-content-lg-center justify-content-md-center justify-content-center align-items-lg-stretch align-items-md-stretch align-items-stretch gutters-col-lg-2 gutters-col-md-2 gutters-col-0 gutters-col-v-lg-2 gutters-col-v-md-2 gutters-col-v-2\">\n          <!---->\n          <div class=\"h-column h-column-container d-flex h-col-lg-auto h-col-md-auto h-col-auto style-355-outer style-local-218-c26-outer\">\n            <div data-colibri-id=\"218-c26\" class=\"d-flex h-flex-basis h-column__inner h-px-lg-2 h-px-md-2 h-px-2 v-inner-lg-2 v-inner-md-2 v-inner-2 style-355 style-local-218-c26 position-relative\">\n              <!---->\n              <!---->\n              <div class=\"w-100 h-y-container h-column__content h-column__v-align flex-basis-100 align-self-lg-start align-self-md-start align-self-start\">\n                <!---->\n                <div data-colibri-id=\"218-c27\" class=\"d-block style-357 style-local-218-c27 position-relative h-element\">\n                  <!---->\n                  <div class=\"h-image__frame-container-outer\">\n                    <div class=\"h-image__frame-container\">\n                      <!---->\n                      <!---->\n                      <img loading=\"lazy\" decoding=\"async\" width=\"999\" height=\"999\" src=\"https:\/\/medcoldstore.it\/wp-content\/uploads\/2025\/04\/cropped-cropped-home-bg1-1.jpg\" class=\"wp-image-232 style-357-image style-local-218-c27-image\" alt=\"\" srcset=\"https:\/\/medcoldstore.it\/wp-content\/uploads\/2025\/04\/cropped-cropped-home-bg1-1.jpg 999w, https:\/\/medcoldstore.it\/wp-content\/uploads\/2025\/04\/cropped-cropped-home-bg1-1-300x300.jpg 300w, https:\/\/medcoldstore.it\/wp-content\/uploads\/2025\/04\/cropped-cropped-home-bg1-1-150x150.jpg 150w, https:\/\/medcoldstore.it\/wp-content\/uploads\/2025\/04\/cropped-cropped-home-bg1-1-768x768.jpg 768w\" sizes=\"auto, (max-width: 999px) 100vw, 999px\" \/>\n                      <div class=\"h-image__frame h-hide-lg h-hide-md h-hide-sm style-357-frameImage style-local-218-c27-frameImage\"><\/div>\n                    <\/div>\n                  <\/div>\n                <\/div>\n              <\/div>\n            <\/div>\n          <\/div>\n          <div class=\"h-column h-column-container d-flex h-col-lg-auto h-col-md-auto h-col-auto style-356-outer style-local-218-c28-outer\">\n            <div data-colibri-id=\"218-c28\" class=\"d-flex h-flex-basis h-column__inner h-px-lg-2 h-px-md-2 h-px-2 v-inner-lg-2 v-inner-md-2 v-inner-2 style-356 style-local-218-c28 position-relative\">\n              <!---->\n              <!---->\n              <div class=\"w-100 h-y-container h-column__content h-column__v-align flex-basis-100 align-self-lg-start align-self-md-start align-self-start\">\n                <!---->\n                <div data-colibri-id=\"218-c29\" class=\"h-global-transition-all h-heading style-360 style-local-218-c29 position-relative h-element\">\n                  <!---->\n                  <div class=\"h-heading__outer style-360 style-local-218-c29\">\n                    <!---->\n                    <!---->\n                    <h3 class=\"\">Trasporto Su Gomma<\/h3>\n                  <\/div>\n                <\/div>\n                <div data-colibri-id=\"218-c30\" class=\"h-text h-text-component style-358 style-local-218-c30 position-relative h-element\">\n                  <!---->\n                  <!---->\n                  <div class=\"\">\n                    <p>Completiamo la nostra offerta con un servizio di trasporto su gomma efficiente e capillare, sia a livello nazionale che europeo. Gestiamo carichi completi (FTL) e parziali (LTL), garantendo consegne puntuali, monitoraggio costante\n                      e massima cura nella gestione delle merci.<\/p>\n                    <p>Grazie a una rete di trasportatori qualificati, assicuriamo partenze regolari, flessibilit\u00e0 operativa e soluzioni logistiche adatte a ogni tipo di business.<\/p>\n                  <\/div>\n                <\/div>\n              <\/div>\n            <\/div>\n          <\/div>\n        <\/div>\n      <\/div>\n    <\/div>\n  <\/div>\n<\/div>","protected":false},"excerpt":{"rendered":"<p>Spedizioni Trasporto Marittimo Siamo specializzati nelle spedizioni marittime internazionali, sia per carichi FCL (Full Container Load) che LCL (Less Container Load). Offriamo servizi door to door e intermodali grazie a solidi accordi con i principali vettori marittimi. Particolarmente forti nei trasporti a carico parziale, garantiamo partenze plurisettimanali da e per i principali porti del mondo, [&hellip;]<\/p>\n","protected":false},"author":1,"featured_media":0,"parent":0,"menu_order":0,"comment_status":"closed","ping_status":"closed","template":"page-templates\/full-width-page.php","meta":{"_themeisle_gutenberg_block_has_review":false,"footnotes":""},"class_list":["post-218","page","type-page","status-publish","hentry"],"_links":{"self":[{"href":"https:\/\/medcoldstore.it\/index.php\/wp-json\/wp\/v2\/pages\/218","targetHints":{"allow":["GET"]}}],"collection":[{"href":"https:\/\/medcoldstore.it\/index.php\/wp-json\/wp\/v2\/pages"}],"about":[{"href":"https:\/\/medcoldstore.it\/index.php\/wp-json\/wp\/v2\/types\/page"}],"author":[{"embeddable":true,"href":"https:\/\/medcoldstore.it\/index.php\/wp-json\/wp\/v2\/users\/1"}],"replies":[{"embeddable":true,"href":"https:\/\/medcoldstore.it\/index.php\/wp-json\/wp\/v2\/comments?post=218"}],"version-history":[{"count":16,"href":"https:\/\/medcoldstore.it\/index.php\/wp-json\/wp\/v2\/pages\/218\/revisions"}],"predecessor-version":[{"id":434,"href":"https:\/\/medcoldstore.it\/index.php\/wp-json\/wp\/v2\/pages\/218\/revisions\/434"}],"wp:attachment":[{"href":"https:\/\/medcoldstore.it\/index.php\/wp-json\/wp\/v2\/media?parent=218"}],"curies":[{"name":"wp","href":"https:\/\/api.w.org\/{rel}","templated":true}]}}